{"id":61,"date":"2022-09-06T17:55:32","date_gmt":"2022-09-06T17:55:32","guid":{"rendered":"https:\/\/opticabielsa.com\/?page_id=61"},"modified":"2022-09-20T10:00:53","modified_gmt":"2022-09-20T10:00:53","slug":"qui-som","status":"publish","type":"page","link":"https:\/\/opticabielsa.com\/es\/qui-som\/","title":{"rendered":"Qui\u00e9nes somos"},"content":{"rendered":"<style>.elementor-61 .elementor-element.elementor-element-755b5a30:not(.elementor-motion-effects-element-type-background), .elementor-61 .elementor-element.elementor-element-755b5a30 > .elementor-motion-effects-container > .elementor-motion-effects-layer{background-image:url(\"https:\/\/opticabielsa.com\/wp-content\/uploads\/2022\/09\/smiling-ophthalmologist-holding-glasses-2022-02-07-07-11-49-utc-copy-1.jpg\");background-position:center center;background-size:cover;}.elementor-61 .elementor-element.elementor-element-755b5a30 > .elementor-background-overlay{background-color:var( --e-global-color-f2b4002 );opacity:0.92;transition:background 0.3s, border-radius 0.3s, opacity 0.3s;}.elementor-61 .elementor-element.elementor-element-755b5a30{transition:background 0.3s, border 0.3s, border-radius 0.3s, box-shadow 0.3s;margin-top:0px;margin-bottom:0px;padding:175px 0px 100px 0px;}.elementor-61 .elementor-element.elementor-element-e2a758c > .elementor-element-populated{margin:0px 0px 0px 0px;--e-column-margin-right:0px;--e-column-margin-left:0px;padding:0px 0px 0px 0px;}.elementor-61 .elementor-element.elementor-element-355a7b09 .elementor-heading-title{text-transform:none;}.elementor-61 .elementor-element.elementor-element-1bf7b1e4 .elementor-button{background-color:var( --e-global-color-eb507f3 );fill:var( --e-global-color-cff538e );color:var( --e-global-color-cff538e );border-style:solid;border-width:1px 1px 1px 1px;border-color:var( --e-global-color-eb507f3 );border-radius:0px 0px 0px 0px;padding:0px 0px 0px 0px;}.elementor-61 .elementor-element.elementor-element-1bf7b1e4{width:auto;max-width:auto;}.elementor-61 .elementor-element.elementor-element-1bf7b1e4 .elementor-button:hover, .elementor-61 .elementor-element.elementor-element-1bf7b1e4 .elementor-button:focus{color:var( --e-global-color-639e95c );}.elementor-61 .elementor-element.elementor-element-1bf7b1e4 .elementor-button:hover svg, .elementor-61 .elementor-element.elementor-element-1bf7b1e4 .elementor-button:focus svg{fill:var( --e-global-color-639e95c );}.elementor-61 .elementor-element.elementor-element-6f964b41{width:auto;max-width:auto;}.elementor-61 .elementor-element.elementor-element-6f964b41 > .elementor-widget-container{padding:7px 10px 0px 10px;}.elementor-61 .elementor-element.elementor-element-6f964b41 .elementor-heading-title{font-family:var( --e-global-typography-accent-font-family ), Sans-serif;font-size:var( --e-global-typography-accent-font-size );font-weight:var( --e-global-typography-accent-font-weight );color:var( --e-global-color-cff538e );}.elementor-61 .elementor-element.elementor-element-153a1dac .elementor-button{background-color:var( --e-global-color-eb507f3 );fill:var( --e-global-color-cff538e );color:var( --e-global-color-cff538e );border-style:solid;border-width:1px 1px 1px 1px;border-color:var( --e-global-color-eb507f3 );border-radius:0px 0px 0px 0px;padding:0px 0px 0px 0px;}.elementor-61 .elementor-element.elementor-element-153a1dac{width:auto;max-width:auto;}.elementor-61 .elementor-element.elementor-element-153a1dac .elementor-button:hover, .elementor-61 .elementor-element.elementor-element-153a1dac .elementor-button:focus{color:var( --e-global-color-639e95c );}.elementor-61 .elementor-element.elementor-element-153a1dac .elementor-button:hover svg, .elementor-61 .elementor-element.elementor-element-153a1dac .elementor-button:focus svg{fill:var( --e-global-color-639e95c );}.elementor-61 .elementor-element.elementor-element-54b8d182:not(.elementor-motion-effects-element-type-background), .elementor-61 .elementor-element.elementor-element-54b8d182 > .elementor-motion-effects-container > .elementor-motion-effects-layer{background-color:var( --e-global-color-963b906 );}.elementor-61 .elementor-element.elementor-element-54b8d182{overflow:hidden;transition:background 0.3s, border 0.3s, border-radius 0.3s, box-shadow 0.3s;margin-top:0px;margin-bottom:0px;padding:100px 0px 50px 0px;}.elementor-61 .elementor-element.elementor-element-54b8d182 > .elementor-background-overlay{transition:background 0.3s, border-radius 0.3s, opacity 0.3s;}.elementor-61 .elementor-element.elementor-element-74ea23b > .elementor-element-populated{margin:0px 0px 0px 0px;--e-column-margin-right:0px;--e-column-margin-left:0px;padding:0px 50px 0px 0px;}.elementor-61 .elementor-element.elementor-element-2fbe118f > .elementor-widget-container{margin:0px 0px 0px 0px;}.elementor-61 .elementor-element.elementor-element-2fbe118f{text-align:left;}.elementor-61 .elementor-element.elementor-element-2fbe118f img{width:85%;border-radius:0px 0px 0px 0px;}.elementor-61 .elementor-element.elementor-element-ec920cb > .elementor-widget-container{margin:-30% -50% 0% 0%;}.elementor-61 .elementor-element.elementor-element-ec920cb img{width:35%;border-style:solid;border-width:8px 8px 8px 8px;border-color:var( --e-global-color-963b906 );border-radius:0px 0px 0px 0px;}.elementor-bc-flex-widget .elementor-61 .elementor-element.elementor-element-34640605.elementor-column .elementor-widget-wrap{align-items:flex-start;}.elementor-61 .elementor-element.elementor-element-34640605.elementor-column.elementor-element[data-element_type=\"column\"] > .elementor-widget-wrap.elementor-element-populated{align-content:flex-start;align-items:flex-start;}.elementor-61 .elementor-element.elementor-element-34640605 > .elementor-element-populated{margin:0px 0px 0px 0px;--e-column-margin-right:0px;--e-column-margin-left:0px;padding:0px 0px 0px 50px;}.elementor-61 .elementor-element.elementor-element-5ee2f05b > .elementor-widget-container{padding:0% 12% 0% 0%;}.elementor-61 .elementor-element.elementor-element-72f9fc87{overflow:hidden;margin-top:0px;margin-bottom:0px;padding:5% 0% 5% 0%;}.elementor-bc-flex-widget .elementor-61 .elementor-element.elementor-element-70e8abdd.elementor-column .elementor-widget-wrap{align-items:space-between;}.elementor-61 .elementor-element.elementor-element-70e8abdd.elementor-column.elementor-element[data-element_type=\"column\"] > .elementor-widget-wrap.elementor-element-populated{align-content:space-between;align-items:space-between;}.elementor-61 .elementor-element.elementor-element-70e8abdd > .elementor-element-populated{margin:0px 0px 0px 0px;--e-column-margin-right:0px;--e-column-margin-left:0px;padding:30px 0px 0px 50px;}.elementor-61 .elementor-element.elementor-element-e3e0d21 > .elementor-widget-container{margin:0% 0% 2% 0%;}.elementor-61 .elementor-element.elementor-element-e3e0d21{text-align:left;}.elementor-61 .elementor-element.elementor-element-7d1bec7a > .elementor-widget-container{margin:0px 0px 0px 0px;}.elementor-61 .elementor-element.elementor-element-4eebd8dc > .elementor-element-populated{margin:2% 0% 0% 10%;--e-column-margin-right:0%;--e-column-margin-left:10%;padding:0px 50px 0px 0px;}.elementor-61 .elementor-element.elementor-element-462bd0dd > .elementor-widget-container{padding:20px 0px 0px 0px;}.elementor-61 .elementor-element.elementor-element-462bd0dd{text-align:right;}@media(max-width:1024px) and (min-width:768px){.elementor-61 .elementor-element.elementor-element-70e8abdd{width:100%;}.elementor-61 .elementor-element.elementor-element-4eebd8dc{width:100%;}}@media(max-width:1024px){.elementor-61 .elementor-element.elementor-element-755b5a30{padding:170px 30px 100px 30px;}.elementor-61 .elementor-element.elementor-element-6f964b41 .elementor-heading-title{font-size:var( --e-global-typography-accent-font-size );}.elementor-61 .elementor-element.elementor-element-54b8d182{padding:100px 30px 100px 30px;}.elementor-61 .elementor-element.elementor-element-74ea23b > .elementor-element-populated{padding:0px 20px 0px 0px;}.elementor-61 .elementor-element.elementor-element-34640605 > .elementor-element-populated{padding:0px 0px 0px 20px;}.elementor-61 .elementor-element.elementor-element-72f9fc87{padding:100px 30px 50px 30px;}.elementor-61 .elementor-element.elementor-element-70e8abdd > .elementor-element-populated{padding:30px 0px 0px 0px;}.elementor-61 .elementor-element.elementor-element-e3e0d21{text-align:center;}.elementor-61 .elementor-element.elementor-element-7d1bec7a{text-align:left;}.elementor-61 .elementor-element.elementor-element-4eebd8dc > .elementor-element-populated{padding:0px 0px 0px 0px;}}@media(max-width:767px){.elementor-61 .elementor-element.elementor-element-755b5a30{padding:170px 20px 100px 20px;}.elementor-61 .elementor-element.elementor-element-e2a758c.elementor-column > .elementor-widget-wrap{justify-content:center;}.elementor-61 .elementor-element.elementor-element-355a7b09{text-align:center;}.elementor-61 .elementor-element.elementor-element-6f964b41 .elementor-heading-title{font-size:var( --e-global-typography-accent-font-size );}.elementor-61 .elementor-element.elementor-element-54b8d182{padding:50px 20px 100px 20px;}.elementor-61 .elementor-element.elementor-element-74ea23b > .elementor-element-populated{margin:0px 0px 0px 0px;--e-column-margin-right:0px;--e-column-margin-left:0px;padding:0px 0px 0px 0px;}.elementor-61 .elementor-element.elementor-element-34640605 > .elementor-element-populated{margin:0px 0px 0px 0px;--e-column-margin-right:0px;--e-column-margin-left:0px;padding:30px 0px 0px 0px;}.elementor-61 .elementor-element.elementor-element-5ee2f05b > .elementor-widget-container{padding:0% 0% 0% 0%;}.elementor-61 .elementor-element.elementor-element-5ee2f05b{text-align:center;}.elementor-61 .elementor-element.elementor-element-1107ed30{text-align:center;}.elementor-61 .elementor-element.elementor-element-72f9fc87{padding:100px 20px 50px 20px;}.elementor-61 .elementor-element.elementor-element-7d1bec7a{text-align:center;}}<\/style>\t\t<div data-elementor-type=\"wp-page\" data-elementor-id=\"61\" class=\"elementor elementor-61\" data-elementor-post-type=\"page\">\n\t\t\t\t\t\t<section class=\"elementor-section elementor-top-section elementor-element elementor-element-755b5a30 elementor-section-boxed elementor-section-height-default elementor-section-height-default\" data-id=\"755b5a30\" data-element_type=\"section\" data-settings=\"{&quot;background_background&quot;:&quot;classic&quot;}\">\n\t\t\t\t\t\t\t<div class=\"elementor-background-overlay\"><\/div>\n\t\t\t\t\t\t\t<div class=\"elementor-container elementor-column-gap-default\">\n\t\t\t\t\t<div class=\"elementor-column elementor-col-100 elementor-top-column elementor-element elementor-element-e2a758c\" data-id=\"e2a758c\" data-element_type=\"column\">\n\t\t\t<div class=\"elementor-widget-wrap elementor-element-populated\">\n\t\t\t\t\t\t<div class=\"elementor-element elementor-element-355a7b09 elementor-widget elementor-widget-heading\" data-id=\"355a7b09\" data-element_type=\"widget\" data-widget_type=\"heading.default\">\n\t\t\t\t<div class=\"elementor-widget-container\">\n\t\t\t\t\t<h1 class=\"elementor-heading-title elementor-size-default\">Sobre nosotros\n\n<\/h1>\t\t\t\t<\/div>\n\t\t\t\t<\/div>\n\t\t\t\t<div class=\"elementor-element elementor-element-1bf7b1e4 elementor-widget__width-auto elementor-widget elementor-widget-button\" data-id=\"1bf7b1e4\" data-element_type=\"widget\" data-widget_type=\"button.default\">\n\t\t\t\t<div class=\"elementor-widget-container\">\n\t\t\t\t\t\t\t\t\t<div class=\"elementor-button-wrapper\">\n\t\t\t\t\t<a class=\"elementor-button elementor-button-link elementor-size-sm\" href=\"https:\/\/opticabielsa.com\/es\/\">\n\t\t\t\t\t\t<span class=\"elementor-button-content-wrapper\">\n\t\t\t\t\t\t\t\t\t<span class=\"elementor-button-text\">Inicio<\/span>\n\t\t\t\t\t<\/span>\n\t\t\t\t\t<\/a>\n\t\t\t\t<\/div>\n\t\t\t\t\t\t\t\t<\/div>\n\t\t\t\t<\/div>\n\t\t\t\t<div class=\"elementor-element elementor-element-6f964b41 elementor-widget__width-auto elementor-widget elementor-widget-heading\" data-id=\"6f964b41\" data-element_type=\"widget\" data-widget_type=\"heading.default\">\n\t\t\t\t<div class=\"elementor-widget-container\">\n\t\t\t\t\t<h2 class=\"elementor-heading-title elementor-size-default\">&gt;<\/h2>\t\t\t\t<\/div>\n\t\t\t\t<\/div>\n\t\t\t\t<div class=\"elementor-element elementor-element-153a1dac elementor-widget__width-auto elementor-widget elementor-widget-button\" data-id=\"153a1dac\" data-element_type=\"widget\" data-widget_type=\"button.default\">\n\t\t\t\t<div class=\"elementor-widget-container\">\n\t\t\t\t\t\t\t\t\t<div class=\"elementor-button-wrapper\">\n\t\t\t\t\t<a class=\"elementor-button elementor-button-link elementor-size-sm\" href=\"https:\/\/opticabielsa.com\/es\/qui-som\/\">\n\t\t\t\t\t\t<span class=\"elementor-button-content-wrapper\">\n\t\t\t\t\t\t\t\t\t<span class=\"elementor-button-text\">Sobre nosotros<\/span>\n\t\t\t\t\t<\/span>\n\t\t\t\t\t<\/a>\n\t\t\t\t<\/div>\n\t\t\t\t\t\t\t\t<\/div>\n\t\t\t\t<\/div>\n\t\t\t\t\t<\/div>\n\t\t<\/div>\n\t\t\t\t\t<\/div>\n\t\t<\/section>\n\t\t\t\t<section class=\"elementor-section elementor-top-section elementor-element elementor-element-54b8d182 elementor-section-boxed elementor-section-height-default elementor-section-height-default\" data-id=\"54b8d182\" data-element_type=\"section\" data-settings=\"{&quot;background_background&quot;:&quot;classic&quot;}\">\n\t\t\t\t\t\t<div class=\"elementor-container elementor-column-gap-default\">\n\t\t\t\t\t<div class=\"elementor-column elementor-col-50 elementor-top-column elementor-element elementor-element-74ea23b\" data-id=\"74ea23b\" data-element_type=\"column\">\n\t\t\t<div class=\"elementor-widget-wrap elementor-element-populated\">\n\t\t\t\t\t\t<div class=\"elementor-element elementor-element-2fbe118f elementor-widget elementor-widget-image\" data-id=\"2fbe118f\" data-element_type=\"widget\" data-widget_type=\"image.default\">\n\t\t\t\t<div class=\"elementor-widget-container\">\n\t\t\t\t\t\t\t\t\t\t\t\t\t\t\t<img fetchpriority=\"high\" decoding=\"async\" width=\"800\" height=\"601\" src=\"https:\/\/opticabielsa.com\/wp-content\/uploads\/2022\/09\/IMG_9166-1-1024x769.jpeg\" class=\"attachment-large size-large wp-image-176\" alt=\"\" srcset=\"https:\/\/opticabielsa.com\/wp-content\/uploads\/2022\/09\/IMG_9166-1-1024x769.jpeg 1024w, https:\/\/opticabielsa.com\/wp-content\/uploads\/2022\/09\/IMG_9166-1-300x225.jpeg 300w, https:\/\/opticabielsa.com\/wp-content\/uploads\/2022\/09\/IMG_9166-1-768x577.jpeg 768w, https:\/\/opticabielsa.com\/wp-content\/uploads\/2022\/09\/IMG_9166-1-1536x1154.jpeg 1536w, https:\/\/opticabielsa.com\/wp-content\/uploads\/2022\/09\/IMG_9166-1-2048x1539.jpeg 2048w, https:\/\/opticabielsa.com\/wp-content\/uploads\/2022\/09\/IMG_9166-1-800x601.jpeg 800w\" sizes=\"(max-width: 800px) 100vw, 800px\" \/>\t\t\t\t\t\t\t\t\t\t\t\t\t\t\t<\/div>\n\t\t\t\t<\/div>\n\t\t\t\t<div class=\"elementor-element elementor-element-ec920cb elementor-widget elementor-widget-image\" data-id=\"ec920cb\" data-element_type=\"widget\" data-widget_type=\"image.default\">\n\t\t\t\t<div class=\"elementor-widget-container\">\n\t\t\t\t\t\t\t\t\t\t\t\t\t\t\t<img decoding=\"async\" width=\"800\" height=\"534\" src=\"https:\/\/opticabielsa.com\/wp-content\/uploads\/2022\/09\/woman-hand-holding-eyeglasses-optical-store-glas-2021-09-03-21-11-08-utc-copy-1-1024x683.jpg\" class=\"attachment-large size-large wp-image-177\" alt=\"\" srcset=\"https:\/\/opticabielsa.com\/wp-content\/uploads\/2022\/09\/woman-hand-holding-eyeglasses-optical-store-glas-2021-09-03-21-11-08-utc-copy-1-1024x683.jpg 1024w, https:\/\/opticabielsa.com\/wp-content\/uploads\/2022\/09\/woman-hand-holding-eyeglasses-optical-store-glas-2021-09-03-21-11-08-utc-copy-1-300x200.jpg 300w, https:\/\/opticabielsa.com\/wp-content\/uploads\/2022\/09\/woman-hand-holding-eyeglasses-optical-store-glas-2021-09-03-21-11-08-utc-copy-1-768x512.jpg 768w, https:\/\/opticabielsa.com\/wp-content\/uploads\/2022\/09\/woman-hand-holding-eyeglasses-optical-store-glas-2021-09-03-21-11-08-utc-copy-1-800x533.jpg 800w, https:\/\/opticabielsa.com\/wp-content\/uploads\/2022\/09\/woman-hand-holding-eyeglasses-optical-store-glas-2021-09-03-21-11-08-utc-copy-1.jpg 1200w\" sizes=\"(max-width: 800px) 100vw, 800px\" \/>\t\t\t\t\t\t\t\t\t\t\t\t\t\t\t<\/div>\n\t\t\t\t<\/div>\n\t\t\t\t\t<\/div>\n\t\t<\/div>\n\t\t\t\t<div class=\"elementor-column elementor-col-50 elementor-top-column elementor-element elementor-element-34640605\" data-id=\"34640605\" data-element_type=\"column\">\n\t\t\t<div class=\"elementor-widget-wrap elementor-element-populated\">\n\t\t\t\t\t\t<div class=\"elementor-element elementor-element-5ee2f05b elementor-widget elementor-widget-heading\" data-id=\"5ee2f05b\" data-element_type=\"widget\" data-widget_type=\"heading.default\">\n\t\t\t\t<div class=\"elementor-widget-container\">\n\t\t\t\t\t<h2 class=\"elementor-heading-title elementor-size-default\">Nuestra Historia<\/h2>\t\t\t\t<\/div>\n\t\t\t\t<\/div>\n\t\t\t\t<div class=\"elementor-element elementor-element-1107ed30 elementor-widget elementor-widget-text-editor\" data-id=\"1107ed30\" data-element_type=\"widget\" data-widget_type=\"text-editor.default\">\n\t\t\t\t<div class=\"elementor-widget-container\">\n\t\t\t\t\t\t\t\t\t<p><span style=\"font-weight: 400;\">Somos \u00f3pticos optometristas desde hace m\u00e1s de 40 a\u00f1os por vocaci\u00f3n y por tradici\u00f3n familiar.<\/span><\/p><p><span style=\"background-color: var( --e-global-color-963b906 ); color: var( --e-global-color-text ); font-family: var( --e-global-typography-text-font-family ), Sans-serif; font-size: var( --e-global-typography-text-font-size );\">La excelencia en la atenci\u00f3n sanitaria y profesional nos impulsa a seguir mirando hacia el futuro. Un futuro visual repleto de im\u00e1genes, pantallas de todo tipo, y experiencias visuales sin l\u00edmite.<\/span><\/p><p><span style=\"font-weight: 400;\">Optamos por las nuevas tecnolog\u00edas aplicadas al campo de la \u00f3ptica y la optometr\u00eda, con instrumental avanzado, tiempo, conocimientos y tecnolog\u00eda.<\/span><\/p>\t\t\t\t\t\t\t\t<\/div>\n\t\t\t\t<\/div>\n\t\t\t\t\t<\/div>\n\t\t<\/div>\n\t\t\t\t\t<\/div>\n\t\t<\/section>\n\t\t\t\t<section class=\"elementor-section elementor-top-section elementor-element elementor-element-72f9fc87 elementor-section-boxed elementor-section-height-default elementor-section-height-default\" data-id=\"72f9fc87\" data-element_type=\"section\">\n\t\t\t\t\t\t<div class=\"elementor-container elementor-column-gap-default\">\n\t\t\t\t\t<div class=\"elementor-column elementor-col-50 elementor-top-column elementor-element elementor-element-70e8abdd\" data-id=\"70e8abdd\" data-element_type=\"column\">\n\t\t\t<div class=\"elementor-widget-wrap elementor-element-populated\">\n\t\t\t\t\t\t<div class=\"elementor-element elementor-element-e3e0d21 elementor-widget elementor-widget-heading\" data-id=\"e3e0d21\" data-element_type=\"widget\" data-widget_type=\"heading.default\">\n\t\t\t\t<div class=\"elementor-widget-container\">\n\t\t\t\t\t<h2 class=\"elementor-heading-title elementor-size-default\">Siempre Miramos M\u00e1s All\u00e1<\/h2>\t\t\t\t<\/div>\n\t\t\t\t<\/div>\n\t\t\t\t<div class=\"elementor-element elementor-element-7d1bec7a elementor-widget elementor-widget-text-editor\" data-id=\"7d1bec7a\" data-element_type=\"widget\" data-widget_type=\"text-editor.default\">\n\t\t\t\t<div class=\"elementor-widget-container\">\n\t\t\t\t\t\t\t\t\t<p><span style=\"font-weight: 400;\">Creemos y trabajamos en la detecci\u00f3n y la prevenci\u00f3n, educando a los m\u00e1s j\u00f3venes, padres y educadores en las normas b\u00e1sicas de higiene visual en edades tempranas.<\/span><\/p><p><span style=\"color: var( --e-global-color-text ); font-family: var( --e-global-typography-text-font-family ), Sans-serif; font-size: var( --e-global-typography-text-font-size );\">La est\u00e9tica y la moda nos interesa..El mejor marco para una mirada son las gafas, que no s\u00f3lo solucionan las necesidades visuales sino que transmiten atractivo y personalidad. Las gafas, son calidad de vida y por mejorar la relaci\u00f3n con el entorno en todos los sentidos.. Existen modelos adecuados para cada persona, teniendo en cuenta las preferencias, el gusto personal y las caracter\u00edsticas de su graduaci\u00f3n.<\/span><\/p>\t\t\t\t\t\t\t\t<\/div>\n\t\t\t\t<\/div>\n\t\t\t\t\t<\/div>\n\t\t<\/div>\n\t\t\t\t<div class=\"elementor-column elementor-col-50 elementor-top-column elementor-element elementor-element-4eebd8dc\" data-id=\"4eebd8dc\" data-element_type=\"column\">\n\t\t\t<div class=\"elementor-widget-wrap elementor-element-populated\">\n\t\t\t\t\t\t<div class=\"elementor-element elementor-element-462bd0dd elementor-widget elementor-widget-image\" data-id=\"462bd0dd\" data-element_type=\"widget\" data-widget_type=\"image.default\">\n\t\t\t\t<div class=\"elementor-widget-container\">\n\t\t\t\t\t\t\t\t\t\t\t\t\t\t\t<img decoding=\"async\" width=\"768\" height=\"512\" src=\"https:\/\/opticabielsa.com\/wp-content\/uploads\/2022\/09\/male-buyer-in-optician-shop-inspecting-pair-of-gla-2021-12-21-16-34-13-utc-copy-768x512.jpg\" class=\"attachment-medium_large size-medium_large wp-image-102\" alt=\"\" srcset=\"https:\/\/opticabielsa.com\/wp-content\/uploads\/2022\/09\/male-buyer-in-optician-shop-inspecting-pair-of-gla-2021-12-21-16-34-13-utc-copy-768x512.jpg 768w, https:\/\/opticabielsa.com\/wp-content\/uploads\/2022\/09\/male-buyer-in-optician-shop-inspecting-pair-of-gla-2021-12-21-16-34-13-utc-copy-300x200.jpg 300w, https:\/\/opticabielsa.com\/wp-content\/uploads\/2022\/09\/male-buyer-in-optician-shop-inspecting-pair-of-gla-2021-12-21-16-34-13-utc-copy-1024x683.jpg 1024w, https:\/\/opticabielsa.com\/wp-content\/uploads\/2022\/09\/male-buyer-in-optician-shop-inspecting-pair-of-gla-2021-12-21-16-34-13-utc-copy-800x533.jpg 800w, https:\/\/opticabielsa.com\/wp-content\/uploads\/2022\/09\/male-buyer-in-optician-shop-inspecting-pair-of-gla-2021-12-21-16-34-13-utc-copy.jpg 1200w\" sizes=\"(max-width: 768px) 100vw, 768px\" \/>\t\t\t\t\t\t\t\t\t\t\t\t\t\t\t<\/div>\n\t\t\t\t<\/div>\n\t\t\t\t\t<\/div>\n\t\t<\/div>\n\t\t\t\t\t<\/div>\n\t\t<\/section>\n\t\t\t\t<\/div>","protected":false},"excerpt":{"rendered":"<p>Sobre nosaltres Inici > Sobre nosaltres La nostra Hist\u00f2ria Som \u00f2ptics optometristes des de fa m\u00e9s de 40 anys per vocaci\u00f3 i tradici\u00f3 familiar. L&#8217;excel\u00b7l\u00e8ncia a l&#8217;atenci\u00f3 sanit\u00e0ria i professional ens impulsa a continuar mirant cap al futur. Un futur visual ple d&#8217;imatges, pantalles de tota mena i experi\u00e8ncies visuals sense l\u00edmit. Optem per les [&hellip;]<\/p>","protected":false},"author":4,"featured_media":0,"parent":0,"menu_order":0,"comment_status":"closed","ping_status":"closed","template":"elementor_header_footer","meta":{"footnotes":""},"class_list":["post-61","page","type-page","status-publish","hentry"],"_links":{"self":[{"href":"https:\/\/opticabielsa.com\/es\/wp-json\/wp\/v2\/pages\/61","targetHints":{"allow":["GET"]}}],"collection":[{"href":"https:\/\/opticabielsa.com\/es\/wp-json\/wp\/v2\/pages"}],"about":[{"href":"https:\/\/opticabielsa.com\/es\/wp-json\/wp\/v2\/types\/page"}],"author":[{"embeddable":true,"href":"https:\/\/opticabielsa.com\/es\/wp-json\/wp\/v2\/users\/4"}],"replies":[{"embeddable":true,"href":"https:\/\/opticabielsa.com\/es\/wp-json\/wp\/v2\/comments?post=61"}],"version-history":[{"count":18,"href":"https:\/\/opticabielsa.com\/es\/wp-json\/wp\/v2\/pages\/61\/revisions"}],"predecessor-version":[{"id":262,"href":"https:\/\/opticabielsa.com\/es\/wp-json\/wp\/v2\/pages\/61\/revisions\/262"}],"wp:attachment":[{"href":"https:\/\/opticabielsa.com\/es\/wp-json\/wp\/v2\/media?parent=61"}],"curies":[{"name":"wp","href":"https:\/\/api.w.org\/{rel}","templated":true}]}}