{"id":315,"date":"2022-09-20T12:08:18","date_gmt":"2022-09-20T12:08:18","guid":{"rendered":"https:\/\/opticabielsa.com\/politica-de-cookies-ue"},"modified":"2022-09-20T12:09:22","modified_gmt":"2022-09-20T12:09:22","slug":"politica-de-cookies","status":"publish","type":"page","link":"https:\/\/opticabielsa.com\/es\/politica-de-cookies\/","title":{"rendered":"Pol\u00edtica de cookies"},"content":{"rendered":"La regi\u00f3n EU no est\u00e1 activada para cookie-statement.","protected":false},"excerpt":{"rendered":"","protected":false},"author":4,"featured_media":0,"parent":0,"menu_order":0,"comment_status":"closed","ping_status":"closed","template":"","meta":{"footnotes":""},"class_list":["post-315","page","type-page","status-publish","hentry"],"_links":{"self":[{"href":"https:\/\/opticabielsa.com\/es\/wp-json\/wp\/v2\/pages\/315","targetHints":{"allow":["GET"]}}],"collection":[{"href":"https:\/\/opticabielsa.com\/es\/wp-json\/wp\/v2\/pages"}],"about":[{"href":"https:\/\/opticabielsa.com\/es\/wp-json\/wp\/v2\/types\/page"}],"author":[{"embeddable":true,"href":"https:\/\/opticabielsa.com\/es\/wp-json\/wp\/v2\/users\/4"}],"replies":[{"embeddable":true,"href":"https:\/\/opticabielsa.com\/es\/wp-json\/wp\/v2\/comments?post=315"}],"version-history":[{"count":1,"href":"https:\/\/opticabielsa.com\/es\/wp-json\/wp\/v2\/pages\/315\/revisions"}],"predecessor-version":[{"id":316,"href":"https:\/\/opticabielsa.com\/es\/wp-json\/wp\/v2\/pages\/315\/revisions\/316"}],"wp:attachment":[{"href":"https:\/\/opticabielsa.com\/es\/wp-json\/wp\/v2\/media?parent=315"}],"curies":[{"name":"wp","href":"https:\/\/api.w.org\/{rel}","templated":true}]}}